{"id":202,"date":"2023-02-03T15:55:09","date_gmt":"2023-02-03T19:55:09","guid":{"rendered":"http:\/\/bravalubricants.com\/?page_id=202"},"modified":"2023-03-29T09:48:45","modified_gmt":"2023-03-29T13:48:45","slug":"the-lab","status":"publish","type":"page","link":"https:\/\/bravalubricants.com\/es\/about\/the-lab\/","title":{"rendered":"El Laboratorio"},"content":{"rendered":"<section class=\"hero hero--fixed\">\n    <div class=\"hero__media\">\n              <lite-vimeo videoid=\"796770649\" videotitle=\"Brava Quick Reel Lab\" class=\"hero__media-item\" autoload autoplay><\/lite-vimeo>\n          <\/div>\n  <\/section>\n\n  <section id=\"hero--block_cb7bb35c2b5d4df089cae6c62b0ad9d1\" class=\"hero\">\n    <div class=\"hero__wrap\">\n      <div class=\"hero__content\">\n                  <p class=\"hero__tagline\">Laboratorio Brava<\/p>\n                <h1 class=\"hero__headline\">Formulando con las Bases M\u00e1s Puras del Mundo<\/h1>\n        <div class=\"hero__copy\">\n          <p>En Brava buscamos continuamente soluciones innovadoras para abastecer sus motores con las bases m\u00e1s puras del mundo. Nuestro equipo cre\u00f3 un laboratorio que proporciona las mejores pruebas e investigaciones de lubricantes de la industria para desarrollar los mejores productos para sus motores automotrices, industriales y de alta velocidad.<\/p>\n\n                  <\/div>\n      <\/div>\n    <\/div>\n  <\/section>\n\n\n\n\n\n<section id=\"image-full--block_009913776de7efa94a6eee1f78dda706\" class=\"image-full\">\n  <img width=\"1600\" height=\"1067\" src=\"https:\/\/bravalubricants.com\/wp-content\/uploads\/2023\/02\/Lab-Full-Width.jpg\" class=\"image-full__image rellax\" alt=\"T\u00e9cnico de laboratorio vertiendo brava Aurum en un vaso de precipitados\" decoding=\"async\" loading=\"lazy\" data-rellax-speed=\"-1\" data-rellax-mobile-speed=\"-2\" data-rellax-tablet-speed=\"-3\" data-rellax-desktop-speed=\"-4\" data-rellax-percentage=\"0.75\" srcset=\"https:\/\/bravalubricants.com\/wp-content\/uploads\/2023\/02\/Lab-Full-Width.jpg 1600w, https:\/\/bravalubricants.com\/wp-content\/uploads\/2023\/02\/Lab-Full-Width-300x200.jpg 300w, https:\/\/bravalubricants.com\/wp-content\/uploads\/2023\/02\/Lab-Full-Width-1000x667.jpg 1000w, https:\/\/bravalubricants.com\/wp-content\/uploads\/2023\/02\/Lab-Full-Width-800x534.jpg 800w, https:\/\/bravalubricants.com\/wp-content\/uploads\/2023\/02\/Lab-Full-Width-18x12.jpg 18w, https:\/\/bravalubricants.com\/wp-content\/uploads\/2023\/02\/Lab-Full-Width-1400x934.jpg 1400w, https:\/\/bravalubricants.com\/wp-content\/uploads\/2023\/02\/Lab-Full-Width-1200x800.jpg 1200w, https:\/\/bravalubricants.com\/wp-content\/uploads\/2023\/02\/Lab-Full-Width-600x400.jpg 600w, https:\/\/bravalubricants.com\/wp-content\/uploads\/2023\/02\/Lab-Full-Width-400x267.jpg 400w, https:\/\/bravalubricants.com\/wp-content\/uploads\/2023\/02\/Lab-Full-Width-200x133.jpg 200w, https:\/\/bravalubricants.com\/wp-content\/uploads\/2023\/02\/Lab-Full-Width-1280x854.jpg 1280w, https:\/\/bravalubricants.com\/wp-content\/uploads\/2023\/02\/Lab-Full-Width-304x203.jpg 304w, https:\/\/bravalubricants.com\/wp-content\/uploads\/2023\/02\/Lab-Full-Width-468x312.jpg 468w, https:\/\/bravalubricants.com\/wp-content\/uploads\/2023\/02\/Lab-Full-Width-188x125.jpg 188w\" sizes=\"(max-width: 1600px) 100vw, 1600px\" \/><\/section>\n\n\n<div class=\"wp-block-group is-style-group-products is-layout-constrained\"><div class=\"wp-block-group__inner-container\">\n<section id=\"media-text-rounded--block_f8cba8fcc47c7acc6f92fb18f3a6c59c\" class=\"media-text-rounded\">\n  <div class=\"media-text-rounded__wrap\">\n              <div class=\"media-text-rounded__banner\">\n                  <a href=\"https:\/\/bravalubricants.com\/es\/about\/\" target=\"\">\n                  <img width=\"415\" height=\"320\" src=\"https:\/\/bravalubricants.com\/wp-content\/uploads\/2023\/02\/Lab-Team-415x320.jpg\" class=\"media-text-rounded__image\" alt=\"5 t\u00e9cnicas de laboratorio femeninas en batas de laboratorio\" decoding=\"async\" loading=\"lazy\" \/>                  <\/a>\n              <\/div>\n    \n    <div class=\"media-text-rounded__content\">\n       <svg aria-labelledby=\"title-69d299e287b60\" xmlns=\"http:\/\/www.w3.org\/2000\/svg\" xmlns:xlink=\"http:\/\/www.w3.org\/1999\/xlink\" class=\"icon icon--lab\" width=\"48\" height=\"48\" viewbox=\"0 0 48 48\"><title id=\"title-69d299e287b60\">Lab Icon<\/title><rect width=\"48\" height=\"48\" fill=\"none\"><\/rect><path data-name=\"Path 3127\" d=\"M35.382,5.15v4.7h-3.8V18H18.232V9.85h-3.8V5.15Z\" class=\"icon__alt-color\" fill=\"currentColor\"><\/path><path id=\"69d299e287b5c\" data-name=\"Path 3128\" d=\"M43.682,35.7,33.592,24.32a8.021,8.021,0,0,1-1.98-4.57h-4.77a12,12,0,0,0,3.02,7.46l10.07,11.34H9.882l10.04-11.34a12,12,0,0,0,3-7.46H18.2a8.021,8.021,0,0,1-1.98,4.57L6.132,35.7a4.275,4.275,0,0,0-.6,4.72,3.963,3.963,0,0,0,3.95,2.83h30.8a4.02,4.02,0,0,0,3.98-2.8,4.316,4.316,0,0,0-.58-4.75\" fill=\"currentColor\"><\/path><\/svg>       <h2 class=\"media-text-rounded__headline\">Dedicados a la Calidad<\/h2>\n      <div class=\"media-text-rounded__copy\">\n        <p>A trav\u00e9s de nuestras rigurosas pruebas de lubricantes y procedimientos de control de calidad, nos comprometemos a proporcionar solo aceites sint\u00e9ticos de la m\u00e1s alta calidad formulados a trav\u00e9s de nuestra tecnolog\u00eda de base pura. Nuestro equipo est\u00e1 compuesto por especialistas en mezcla, control de calidad y t\u00e9cnicos que garantizan que cada producto cumpla con los est\u00e1ndares de la industria para cada veh\u00edculo y m\u00e1quina que se ejecuta en Brava.<\/p>\n      <\/div>\n              <a class=\"button-theme\" href=\"https:\/\/bravalubricants.com\/es\/about\/\" target=\"\"><span class=\"button-theme__text\">Conoce al equipo Brava<\/span> <span class=\"button-theme__arrow\">\u27f6<\/span><\/a>\n          <\/div>\n  <\/div>\n<\/section>\n<\/div><\/div>\n\n\n\n<div class=\"wp-block-group is-style-group-orange is-layout-constrained\"><div class=\"wp-block-group__inner-container\">\n    <section id=\"copy-basic--block_3b35b77166807aa445cebbfdbcd6a951\" class=\"copy-basic\">\n      <div class=\"copy-basic__content\">\n        <h2 class=\"h1\">Encuentre el Lubricante Adecuado para su Motor<\/h2>\n      <\/div>\n    <\/section>\n\n\n\n\n<section id=\"image-two-col--block_b0885d3d12f80287996813030be587b6\" class=\"image-two-col\">\n  \n    <a class=\"image-two-col__item\" href=\"https:\/\/bravalubricants.com\/es\/products\/\" target=\"\">\n      <div class=\"image-two-col__banner\">\n        <img width=\"550\" height=\"320\" src=\"https:\/\/bravalubricants.com\/wp-content\/uploads\/2023\/02\/Brava_28_Abril_2016-69-2-550x320.jpg\" class=\"image-two-col__image\" alt=\"persona sosteniendo una botella de producto brava aurum\" decoding=\"async\" loading=\"lazy\" srcset=\"https:\/\/bravalubricants.com\/wp-content\/uploads\/2023\/02\/Brava_28_Abril_2016-69-2.jpg 550w, https:\/\/bravalubricants.com\/wp-content\/uploads\/2023\/02\/Brava_28_Abril_2016-69-2-300x175.jpg 300w, https:\/\/bravalubricants.com\/wp-content\/uploads\/2023\/02\/Brava_28_Abril_2016-69-2-18x10.jpg 18w, https:\/\/bravalubricants.com\/wp-content\/uploads\/2023\/02\/Brava_28_Abril_2016-69-2-400x233.jpg 400w, https:\/\/bravalubricants.com\/wp-content\/uploads\/2023\/02\/Brava_28_Abril_2016-69-2-200x116.jpg 200w, https:\/\/bravalubricants.com\/wp-content\/uploads\/2023\/02\/Brava_28_Abril_2016-69-2-304x177.jpg 304w, https:\/\/bravalubricants.com\/wp-content\/uploads\/2023\/02\/Brava_28_Abril_2016-69-2-468x272.jpg 468w, https:\/\/bravalubricants.com\/wp-content\/uploads\/2023\/02\/Brava_28_Abril_2016-69-2-188x109.jpg 188w\" sizes=\"(max-width: 550px) 100vw, 550px\" \/>      <\/div>\n      <div class=\"image-two-col__copy\">\n        <h3 class=\"image-two-col__title\">\u00bfNo est\u00e1s seguro por d\u00f3nde empezar?<\/h3>\n        <p class=\"image-two-col__button button-theme\"><span class=\"button-theme__text\">Buscar Productos<\/span> <span class=\"button-theme__arrow\">\u27f6<\/span><\/p>\n      <\/div>\n    <\/a>\n  \n  \n    <a class=\"image-two-col__item\" href=\"https:\/\/bravalubricants.com\/es\/products\/view-catalog\/\" target=\"\">\n      <div class=\"image-two-col__banner\">\n        <img width=\"386\" height=\"320\" src=\"https:\/\/bravalubricants.com\/wp-content\/uploads\/2023\/02\/BRT-RACING_ELITE_JUNIO-10-2021_P_11-386x320.jpg\" class=\"image-two-col__image\" alt=\"l\u00ednea de montaje con varias botellas de productos brava elite racing\" decoding=\"async\" loading=\"lazy\" srcset=\"https:\/\/bravalubricants.com\/wp-content\/uploads\/2023\/02\/BRT-RACING_ELITE_JUNIO-10-2021_P_11.jpg 386w, https:\/\/bravalubricants.com\/wp-content\/uploads\/2023\/02\/BRT-RACING_ELITE_JUNIO-10-2021_P_11-300x249.jpg 300w, https:\/\/bravalubricants.com\/wp-content\/uploads\/2023\/02\/BRT-RACING_ELITE_JUNIO-10-2021_P_11-14x12.jpg 14w, https:\/\/bravalubricants.com\/wp-content\/uploads\/2023\/02\/BRT-RACING_ELITE_JUNIO-10-2021_P_11-200x166.jpg 200w, https:\/\/bravalubricants.com\/wp-content\/uploads\/2023\/02\/BRT-RACING_ELITE_JUNIO-10-2021_P_11-304x252.jpg 304w, https:\/\/bravalubricants.com\/wp-content\/uploads\/2023\/02\/BRT-RACING_ELITE_JUNIO-10-2021_P_11-188x156.jpg 188w\" sizes=\"(max-width: 386px) 100vw, 386px\" \/>      <\/div>\n      <div class=\"image-two-col__copy\">\n        <h3 class=\"image-two-col__title\">Ver todos los Productos Brava<\/h3>\n        <p class=\"image-two-col__button button-theme\"><span class=\"button-theme__text\">Ver Cat\u00e1logo<\/span> <span class=\"button-theme__arrow\">\u27f6<\/span><\/p>\n      <\/div>\n    <\/a>\n  <\/section><\/div><\/div>\n\n\n\n<div class=\"wp-block-group wp-block-group--has-more-than-2 is-style-group-products is-layout-constrained\"><div class=\"wp-block-group__inner-container\">\n\n<section id=\"headline-text--block_c9ff36fb3961bfba29e4df8f6b0ad63e\" class=\"headline-text\">\n  <div class=\"headline-text__wrap\">\n    <div class=\"headline-text__content\">\n      <h2 class=\"headline-text__headline\">El proceso de prueba de la base para Brava<\/h2>\n      <div class=\"headline-text__copy\">\n        <p>Exigimos la perfecci\u00f3n en todos los aspectos de nuestros procesos de fabricaci\u00f3n. Cuando producimos nuestros lubricantes con un objetivo en mente: desarrollar productos premium que resistan el riguroso proceso de prueba de lubricantes de nuestro laboratorio de motores.<\/p>\n      <\/div>\n    <\/div>\n  <\/div>\n<\/section>\n\n\n\n<section id=\"image-centered--block_10dbdf3846597a437ad9a3ba30ce7d73\" class=\"image-centered\">\n  <img width=\"960\" height=\"400\" src=\"https:\/\/bravalubricants.com\/wp-content\/uploads\/2023\/02\/Lab-Testing-Wide-960x400.jpg\" class=\"image-centered__image\" alt=\"t\u00e9cnico de laboratorio midiendo diferentes lubricantes en vasos de precipitados\" decoding=\"async\" loading=\"lazy\" srcset=\"https:\/\/bravalubricants.com\/wp-content\/uploads\/2023\/02\/Lab-Testing-Wide.jpg 960w, https:\/\/bravalubricants.com\/wp-content\/uploads\/2023\/02\/Lab-Testing-Wide-300x125.jpg 300w, https:\/\/bravalubricants.com\/wp-content\/uploads\/2023\/02\/Lab-Testing-Wide-800x333.jpg 800w, https:\/\/bravalubricants.com\/wp-content\/uploads\/2023\/02\/Lab-Testing-Wide-18x8.jpg 18w, https:\/\/bravalubricants.com\/wp-content\/uploads\/2023\/02\/Lab-Testing-Wide-600x250.jpg 600w, https:\/\/bravalubricants.com\/wp-content\/uploads\/2023\/02\/Lab-Testing-Wide-400x167.jpg 400w, https:\/\/bravalubricants.com\/wp-content\/uploads\/2023\/02\/Lab-Testing-Wide-200x83.jpg 200w, https:\/\/bravalubricants.com\/wp-content\/uploads\/2023\/02\/Lab-Testing-Wide-304x127.jpg 304w, https:\/\/bravalubricants.com\/wp-content\/uploads\/2023\/02\/Lab-Testing-Wide-468x195.jpg 468w, https:\/\/bravalubricants.com\/wp-content\/uploads\/2023\/02\/Lab-Testing-Wide-188x78.jpg 188w\" sizes=\"(max-width: 960px) 100vw, 960px\" \/><\/section>\n\n\n<section id=\"media-text--block_af1552e7af815e015d7579dd219ee025\" class=\"media-text media-text--alt\">\n  <div class=\"media-text__wrap\">\n          <div class=\"media-text__banner\">\n        <img width=\"468\" height=\"468\" src=\"https:\/\/bravalubricants.com\/wp-content\/uploads\/2023\/02\/Lab-Testing-Square.jpg\" class=\"media-text__image\" alt=\"persona vertiendo lubricante de un vaso de precipitados en el laboratorio\" decoding=\"async\" loading=\"lazy\" srcset=\"https:\/\/bravalubricants.com\/wp-content\/uploads\/2023\/02\/Lab-Testing-Square.jpg 468w, https:\/\/bravalubricants.com\/wp-content\/uploads\/2023\/02\/Lab-Testing-Square-300x300.jpg 300w, https:\/\/bravalubricants.com\/wp-content\/uploads\/2023\/02\/Lab-Testing-Square-150x150.jpg 150w, https:\/\/bravalubricants.com\/wp-content\/uploads\/2023\/02\/Lab-Testing-Square-12x12.jpg 12w, https:\/\/bravalubricants.com\/wp-content\/uploads\/2023\/02\/Lab-Testing-Square-400x400.jpg 400w, https:\/\/bravalubricants.com\/wp-content\/uploads\/2023\/02\/Lab-Testing-Square-200x200.jpg 200w, https:\/\/bravalubricants.com\/wp-content\/uploads\/2023\/02\/Lab-Testing-Square-304x304.jpg 304w, https:\/\/bravalubricants.com\/wp-content\/uploads\/2023\/02\/Lab-Testing-Square-188x188.jpg 188w\" sizes=\"(max-width: 468px) 100vw, 468px\" \/>      <\/div>\n    \n    <div class=\"media-text__content\">\n      <h2 class=\"media-text__headline\">Nuestro Proceso<\/h2>\n      <div class=\"media-text__copy\">\n        <p>El laboratorio Brava es un laboratorio de motores de alta calidad que cuenta con el equipo, los t\u00e9cnicos de laboratorio y los expertos t\u00e9cnicos que garantizan la calidad y el rendimiento de nuestros productos. Al analizar, evaluar y verificar cada etapa de nuestro proceso de prueba de lubricantes, cumplimos con las expectativas de muchas calificaciones internacionales, incluyendo ATSM, API, SAE, JASO y m\u00e1s. Cuando usted o su empresa utilizan lubricantes Brava, usted experimentar\u00e1 la diferencia Brava a trav\u00e9s de cada producto probado por nuestro equipo de laboratorio de motor dedicado.<\/p>\n      <\/div>\n          <\/div>\n  <\/div>\n<\/section><\/div><\/div>\n\n\n\n<section id=\"cover-video--block_f3f6ef331cadcbede99bfe859175957b\" class=\"cover-video cover-video--uses-image\">\n  <div class=\"cover-video__media\">\n    <img width=\"1600\" height=\"622\" src=\"https:\/\/bravalubricants.com\/wp-content\/uploads\/2023\/02\/BRT-RACING_ELITE_JUNIO-10-2021_P_30.jpg\" class=\"cover-video__media-item\" alt=\"persona sosteniendo una botella de producto brava elite racing\" decoding=\"async\" loading=\"lazy\" srcset=\"https:\/\/bravalubricants.com\/wp-content\/uploads\/2023\/02\/BRT-RACING_ELITE_JUNIO-10-2021_P_30.jpg 1600w, https:\/\/bravalubricants.com\/wp-content\/uploads\/2023\/02\/BRT-RACING_ELITE_JUNIO-10-2021_P_30-300x117.jpg 300w, https:\/\/bravalubricants.com\/wp-content\/uploads\/2023\/02\/BRT-RACING_ELITE_JUNIO-10-2021_P_30-1000x389.jpg 1000w, https:\/\/bravalubricants.com\/wp-content\/uploads\/2023\/02\/BRT-RACING_ELITE_JUNIO-10-2021_P_30-800x311.jpg 800w, https:\/\/bravalubricants.com\/wp-content\/uploads\/2023\/02\/BRT-RACING_ELITE_JUNIO-10-2021_P_30-18x7.jpg 18w, https:\/\/bravalubricants.com\/wp-content\/uploads\/2023\/02\/BRT-RACING_ELITE_JUNIO-10-2021_P_30-1400x544.jpg 1400w, https:\/\/bravalubricants.com\/wp-content\/uploads\/2023\/02\/BRT-RACING_ELITE_JUNIO-10-2021_P_30-1200x467.jpg 1200w, https:\/\/bravalubricants.com\/wp-content\/uploads\/2023\/02\/BRT-RACING_ELITE_JUNIO-10-2021_P_30-600x233.jpg 600w, https:\/\/bravalubricants.com\/wp-content\/uploads\/2023\/02\/BRT-RACING_ELITE_JUNIO-10-2021_P_30-400x156.jpg 400w, https:\/\/bravalubricants.com\/wp-content\/uploads\/2023\/02\/BRT-RACING_ELITE_JUNIO-10-2021_P_30-200x78.jpg 200w, https:\/\/bravalubricants.com\/wp-content\/uploads\/2023\/02\/BRT-RACING_ELITE_JUNIO-10-2021_P_30-1280x498.jpg 1280w, https:\/\/bravalubricants.com\/wp-content\/uploads\/2023\/02\/BRT-RACING_ELITE_JUNIO-10-2021_P_30-304x118.jpg 304w, https:\/\/bravalubricants.com\/wp-content\/uploads\/2023\/02\/BRT-RACING_ELITE_JUNIO-10-2021_P_30-468x182.jpg 468w, https:\/\/bravalubricants.com\/wp-content\/uploads\/2023\/02\/BRT-RACING_ELITE_JUNIO-10-2021_P_30-188x73.jpg 188w\" sizes=\"(max-width: 1600px) 100vw, 1600px\" \/>  <\/div>\n  <div class=\"cover-video__wrap\">\n    <div class=\"cover-video__content\">\n            <h2 class=\"cover-video__headline\">Contacte Nuestro Equipo<\/h2>\n      <div class=\"cover-video__copy\">\n        <p>Para obtener m\u00e1s informaci\u00f3n sobre nuestros lubricantes o convertirse en distribuidor de los productos Brava, comun\u00edquese con nosotros para hablar con nuestro equipo de ventas.<\/p>\n      <\/div>\n              <a class=\"button-theme button-theme--lg\" href=\"https:\/\/bravalubricants.com\/es\/contact\/\" target=\"\"><span class=\"button-theme__text\">Contacte Nuestro Equipo<\/span> <span class=\"button-theme__arrow\">\u27f6<\/span><\/a>\n                <\/div>\n  <\/div>\n<\/section>","protected":false},"excerpt":{"rendered":"","protected":false},"author":4,"featured_media":0,"parent":148,"menu_order":2,"comment_status":"closed","ping_status":"closed","template":"","meta":[],"acf":[],"yoast_head":"<!-- This site is optimized with the Yoast SEO plugin v20.5 - https:\/\/yoast.com\/wordpress\/plugins\/seo\/ -->\n<title>Engine Lab with Pure Base Oils | Brava Lubricants<\/title>\n<meta name=\"description\" content=\"At Brava, we continually seek innovative solutions to supply your engines with the purest bases in the world.\" \/>\n<meta name=\"robots\" content=\"index, follow, max-snippet:-1, max-image-preview:large, max-video-preview:-1\" \/>\n<link rel=\"canonical\" href=\"https:\/\/bravalubricants.com\/es\/about\/the-lab\/\" \/>\n<meta property=\"og:locale\" content=\"es_ES\" \/>\n<meta property=\"og:type\" content=\"article\" \/>\n<meta property=\"og:title\" content=\"Engine Lab with Pure Base Oils | Brava Lubricants\" \/>\n<meta property=\"og:description\" content=\"At Brava, we continually seek innovative solutions to supply your engines with the purest bases in the world.\" \/>\n<meta property=\"og:url\" content=\"https:\/\/bravalubricants.com\/es\/about\/the-lab\/\" \/>\n<meta property=\"og:site_name\" content=\"Brava Lubricants\" \/>\n<meta property=\"article:publisher\" content=\"https:\/\/www.facebook.com\/bravalubricants\/\" \/>\n<meta property=\"article:modified_time\" content=\"2023-03-29T13:48:45+00:00\" \/>\n<meta property=\"og:image\" content=\"https:\/\/bravalubricants.com\/wp-content\/uploads\/2023\/02\/blog-fallback.jpg\" \/>\n\t<meta property=\"og:image:width\" content=\"304\" \/>\n\t<meta property=\"og:image:height\" content=\"240\" \/>\n\t<meta property=\"og:image:type\" content=\"image\/jpeg\" \/>\n<meta name=\"twitter:card\" content=\"summary_large_image\" \/>\n<meta name=\"twitter:site\" content=\"@BravaOil\" \/>\n<script type=\"application\/ld+json\" class=\"yoast-schema-graph\">{\"@context\":\"https:\/\/schema.org\",\"@graph\":[{\"@type\":\"WebPage\",\"@id\":\"https:\/\/bravalubricants.com\/about\/the-lab\/\",\"url\":\"https:\/\/bravalubricants.com\/about\/the-lab\/\",\"name\":\"Engine Lab with Pure Base Oils | Brava Lubricants\",\"isPartOf\":{\"@id\":\"https:\/\/bravalubricants.com\/es\/#website\"},\"datePublished\":\"2023-02-03T19:55:09+00:00\",\"dateModified\":\"2023-03-29T13:48:45+00:00\",\"description\":\"At Brava, we continually seek innovative solutions to supply your engines with the purest bases in the world.\",\"breadcrumb\":{\"@id\":\"https:\/\/bravalubricants.com\/about\/the-lab\/#breadcrumb\"},\"inLanguage\":\"es-PR\",\"potentialAction\":[{\"@type\":\"ReadAction\",\"target\":[\"https:\/\/bravalubricants.com\/about\/the-lab\/\"]}]},{\"@type\":\"BreadcrumbList\",\"@id\":\"https:\/\/bravalubricants.com\/about\/the-lab\/#breadcrumb\",\"itemListElement\":[{\"@type\":\"ListItem\",\"position\":1,\"name\":\"Home\",\"item\":\"https:\/\/bravalubricants.com\/es\/\"},{\"@type\":\"ListItem\",\"position\":2,\"name\":\"About\",\"item\":\"https:\/\/mail.bravalubricants.com\/about\/\"},{\"@type\":\"ListItem\",\"position\":3,\"name\":\"The Lab\"}]},{\"@type\":\"WebSite\",\"@id\":\"https:\/\/bravalubricants.com\/es\/#website\",\"url\":\"https:\/\/bravalubricants.com\/es\/\",\"name\":\"Brava Lubricants\",\"description\":\"\",\"publisher\":{\"@id\":\"https:\/\/bravalubricants.com\/es\/#organization\"},\"potentialAction\":[{\"@type\":\"SearchAction\",\"target\":{\"@type\":\"EntryPoint\",\"urlTemplate\":\"https:\/\/bravalubricants.com\/es\/?s={search_term_string}\"},\"query-input\":\"required name=search_term_string\"}],\"inLanguage\":\"es-PR\"},{\"@type\":\"Organization\",\"@id\":\"https:\/\/bravalubricants.com\/es\/#organization\",\"name\":\"Brava Lubricants\",\"url\":\"https:\/\/bravalubricants.com\/es\/\",\"logo\":{\"@type\":\"ImageObject\",\"inLanguage\":\"es-PR\",\"@id\":\"https:\/\/bravalubricants.com\/es\/#\/schema\/logo\/image\/\",\"url\":\"https:\/\/bravalubricants.com\/wp-content\/uploads\/2023\/02\/blog-fallback.jpg\",\"contentUrl\":\"https:\/\/bravalubricants.com\/wp-content\/uploads\/2023\/02\/blog-fallback.jpg\",\"width\":304,\"height\":240,\"caption\":\"Brava Lubricants\"},\"image\":{\"@id\":\"https:\/\/bravalubricants.com\/es\/#\/schema\/logo\/image\/\"},\"sameAs\":[\"https:\/\/www.facebook.com\/bravalubricants\/\",\"https:\/\/twitter.com\/BravaOil\",\"https:\/\/www.instagram.com\/bravalubricants\/\",\"https:\/\/www.youtube.com\/channel\/UC5YeZPsKxdugy-3aT1e2zyQ\/\"]}]}<\/script>\n<!-- \/ Yoast SEO plugin. -->","yoast_head_json":{"title":"Engine Lab with Pure Base Oils | Brava Lubricants","description":"At Brava, we continually seek innovative solutions to supply your engines with the purest bases in the world.","robots":{"index":"index","follow":"follow","max-snippet":"max-snippet:-1","max-image-preview":"max-image-preview:large","max-video-preview":"max-video-preview:-1"},"canonical":"https:\/\/bravalubricants.com\/es\/about\/the-lab\/","og_locale":"es_ES","og_type":"article","og_title":"Engine Lab with Pure Base Oils | Brava Lubricants","og_description":"At Brava, we continually seek innovative solutions to supply your engines with the purest bases in the world.","og_url":"https:\/\/bravalubricants.com\/es\/about\/the-lab\/","og_site_name":"Brava Lubricants","article_publisher":"https:\/\/www.facebook.com\/bravalubricants\/","article_modified_time":"2023-03-29T13:48:45+00:00","og_image":[{"width":304,"height":240,"url":"https:\/\/bravalubricants.com\/wp-content\/uploads\/2023\/02\/blog-fallback.jpg","type":"image\/jpeg"}],"twitter_card":"summary_large_image","twitter_site":"@BravaOil","schema":{"@context":"https:\/\/schema.org","@graph":[{"@type":"WebPage","@id":"https:\/\/bravalubricants.com\/about\/the-lab\/","url":"https:\/\/bravalubricants.com\/about\/the-lab\/","name":"Engine Lab with Pure Base Oils | Brava Lubricants","isPartOf":{"@id":"https:\/\/bravalubricants.com\/es\/#website"},"datePublished":"2023-02-03T19:55:09+00:00","dateModified":"2023-03-29T13:48:45+00:00","description":"At Brava, we continually seek innovative solutions to supply your engines with the purest bases in the world.","breadcrumb":{"@id":"https:\/\/bravalubricants.com\/about\/the-lab\/#breadcrumb"},"inLanguage":"es-PR","potentialAction":[{"@type":"ReadAction","target":["https:\/\/bravalubricants.com\/about\/the-lab\/"]}]},{"@type":"BreadcrumbList","@id":"https:\/\/bravalubricants.com\/about\/the-lab\/#breadcrumb","itemListElement":[{"@type":"ListItem","position":1,"name":"Home","item":"https:\/\/bravalubricants.com\/es\/"},{"@type":"ListItem","position":2,"name":"About","item":"https:\/\/mail.bravalubricants.com\/about\/"},{"@type":"ListItem","position":3,"name":"The Lab"}]},{"@type":"WebSite","@id":"https:\/\/bravalubricants.com\/es\/#website","url":"https:\/\/bravalubricants.com\/es\/","name":"Brava Lubricants","description":"","publisher":{"@id":"https:\/\/bravalubricants.com\/es\/#organization"},"potentialAction":[{"@type":"SearchAction","target":{"@type":"EntryPoint","urlTemplate":"https:\/\/bravalubricants.com\/es\/?s={search_term_string}"},"query-input":"required name=search_term_string"}],"inLanguage":"es-PR"},{"@type":"Organization","@id":"https:\/\/bravalubricants.com\/es\/#organization","name":"Brava Lubricants","url":"https:\/\/bravalubricants.com\/es\/","logo":{"@type":"ImageObject","inLanguage":"es-PR","@id":"https:\/\/bravalubricants.com\/es\/#\/schema\/logo\/image\/","url":"https:\/\/bravalubricants.com\/wp-content\/uploads\/2023\/02\/blog-fallback.jpg","contentUrl":"https:\/\/bravalubricants.com\/wp-content\/uploads\/2023\/02\/blog-fallback.jpg","width":304,"height":240,"caption":"Brava Lubricants"},"image":{"@id":"https:\/\/bravalubricants.com\/es\/#\/schema\/logo\/image\/"},"sameAs":["https:\/\/www.facebook.com\/bravalubricants\/","https:\/\/twitter.com\/BravaOil","https:\/\/www.instagram.com\/bravalubricants\/","https:\/\/www.youtube.com\/channel\/UC5YeZPsKxdugy-3aT1e2zyQ\/"]}]}},"_links":{"self":[{"href":"https:\/\/bravalubricants.com\/es\/wp-json\/wp\/v2\/pages\/202"}],"collection":[{"href":"https:\/\/bravalubricants.com\/es\/wp-json\/wp\/v2\/pages"}],"about":[{"href":"https:\/\/bravalubricants.com\/es\/wp-json\/wp\/v2\/types\/page"}],"author":[{"embeddable":true,"href":"https:\/\/bravalubricants.com\/es\/wp-json\/wp\/v2\/users\/4"}],"replies":[{"embeddable":true,"href":"https:\/\/bravalubricants.com\/es\/wp-json\/wp\/v2\/comments?post=202"}],"version-history":[{"count":55,"href":"https:\/\/bravalubricants.com\/es\/wp-json\/wp\/v2\/pages\/202\/revisions"}],"predecessor-version":[{"id":6635,"href":"https:\/\/bravalubricants.com\/es\/wp-json\/wp\/v2\/pages\/202\/revisions\/6635"}],"up":[{"embeddable":true,"href":"https:\/\/bravalubricants.com\/es\/wp-json\/wp\/v2\/pages\/148"}],"wp:attachment":[{"href":"https:\/\/bravalubricants.com\/es\/wp-json\/wp\/v2\/media?parent=202"}],"curies":[{"name":"wp","href":"https:\/\/api.w.org\/{rel}","templated":true}]}}