{"id":204,"date":"2023-02-03T15:55:21","date_gmt":"2023-02-03T19:55:21","guid":{"rendered":"http:\/\/bravalubricants.com\/?page_id=204"},"modified":"2023-03-29T09:49:16","modified_gmt":"2023-03-29T13:49:16","slug":"careers","status":"publish","type":"page","link":"https:\/\/bravalubricants.com\/es\/about\/careers\/","title":{"rendered":"Empleos Disponible"},"content":{"rendered":"<section class=\"hero hero--fixed\">\n    <div class=\"hero__media\">\n      <img width=\"1600\" height=\"900\" src=\"https:\/\/bravalubricants.com\/wp-content\/uploads\/2023\/02\/hero-careers.jpg\" class=\"hero__media-item\" alt=\"el gran equipo de pit 21 al costado de la pista de carreras\" decoding=\"async\" loading=\"eager\" srcset=\"https:\/\/bravalubricants.com\/wp-content\/uploads\/2023\/02\/hero-careers.jpg 1600w, https:\/\/bravalubricants.com\/wp-content\/uploads\/2023\/02\/hero-careers-300x169.jpg 300w, https:\/\/bravalubricants.com\/wp-content\/uploads\/2023\/02\/hero-careers-1000x563.jpg 1000w, https:\/\/bravalubricants.com\/wp-content\/uploads\/2023\/02\/hero-careers-800x450.jpg 800w, https:\/\/bravalubricants.com\/wp-content\/uploads\/2023\/02\/hero-careers-18x10.jpg 18w, https:\/\/bravalubricants.com\/wp-content\/uploads\/2023\/02\/hero-careers-1400x788.jpg 1400w, https:\/\/bravalubricants.com\/wp-content\/uploads\/2023\/02\/hero-careers-1200x675.jpg 1200w, https:\/\/bravalubricants.com\/wp-content\/uploads\/2023\/02\/hero-careers-600x338.jpg 600w, https:\/\/bravalubricants.com\/wp-content\/uploads\/2023\/02\/hero-careers-400x225.jpg 400w, https:\/\/bravalubricants.com\/wp-content\/uploads\/2023\/02\/hero-careers-200x113.jpg 200w, https:\/\/bravalubricants.com\/wp-content\/uploads\/2023\/02\/hero-careers-1280x720.jpg 1280w, https:\/\/bravalubricants.com\/wp-content\/uploads\/2023\/02\/hero-careers-304x171.jpg 304w, https:\/\/bravalubricants.com\/wp-content\/uploads\/2023\/02\/hero-careers-468x263.jpg 468w, https:\/\/bravalubricants.com\/wp-content\/uploads\/2023\/02\/hero-careers-188x106.jpg 188w\" sizes=\"(max-width: 1600px) 100vw, 1600px\" \/>    <\/div>\n  <\/section>\n\n  <section id=\"hero--block_db8d81b653b5bd8be994adaeb871cb61\" class=\"hero\">\n    <div class=\"hero__wrap\">\n      <div class=\"hero__content\">\n                  <p class=\"hero__tagline\">Trabajo en Brava<\/p>\n                <h1 class=\"hero__headline\">\u00danase a Nuestro Equipo<\/h1>\n        <div class=\"hero__copy\">\n          <p>Impulsar una revoluci\u00f3n del aceite de motor comienza con un equipo dedicado a su \u00e9xito. Con un ojo para la innovaci\u00f3n y una pasi\u00f3n por desarrollar las mejores tecnolog\u00edas en la industria del aceite de motor, todas nuestros empleos en Brava le permiten tener un impacto.<\/p>\n<p>Vea nuestras ofertas de trabajo actuales para ver si alguna de nuestros empleos disponibles se ajusta a sus intereses.<\/p>\n\n                      <a class=\"hero__button button-theme button-theme--lg\" href=\"#\" target=\"_blank\"><span class=\"button-theme__text\">Solicite Hoy<\/span> <span class=\"button-theme__arrow\">\u27f6<\/span><\/a>\n                  <\/div>\n      <\/div>\n    <\/div>\n  <\/section>","protected":false},"excerpt":{"rendered":"","protected":false},"author":4,"featured_media":0,"parent":148,"menu_order":3,"comment_status":"closed","ping_status":"closed","template":"","meta":[],"acf":[],"yoast_head":"<!-- This site is optimized with the Yoast SEO plugin v20.5 - https:\/\/yoast.com\/wordpress\/plugins\/seo\/ -->\n<title>Browse Brava Careers | Brava Lubricants<\/title>\n<meta name=\"description\" content=\"All of our Brava careers allow you to make an impact with hands-on experience in a high-energy environment.\" \/>\n<meta name=\"robots\" content=\"index, follow, max-snippet:-1, max-image-preview:large, max-video-preview:-1\" \/>\n<link rel=\"canonical\" href=\"https:\/\/bravalubricants.com\/es\/about\/careers\/\" \/>\n<meta property=\"og:locale\" content=\"es_ES\" \/>\n<meta property=\"og:type\" content=\"article\" \/>\n<meta property=\"og:title\" content=\"Browse Brava Careers | Brava Lubricants\" \/>\n<meta property=\"og:description\" content=\"All of our Brava careers allow you to make an impact with hands-on experience in a high-energy environment.\" \/>\n<meta property=\"og:url\" content=\"https:\/\/bravalubricants.com\/es\/about\/careers\/\" \/>\n<meta property=\"og:site_name\" content=\"Brava Lubricants\" \/>\n<meta property=\"article:publisher\" content=\"https:\/\/www.facebook.com\/bravalubricants\/\" \/>\n<meta property=\"article:modified_time\" content=\"2023-03-29T13:49:16+00:00\" \/>\n<meta property=\"og:image\" content=\"https:\/\/bravalubricants.com\/wp-content\/uploads\/2023\/02\/blog-fallback.jpg\" \/>\n\t<meta property=\"og:image:width\" content=\"304\" \/>\n\t<meta property=\"og:image:height\" content=\"240\" \/>\n\t<meta property=\"og:image:type\" content=\"image\/jpeg\" \/>\n<meta name=\"twitter:card\" content=\"summary_large_image\" \/>\n<meta name=\"twitter:site\" content=\"@BravaOil\" \/>\n<script type=\"application\/ld+json\" class=\"yoast-schema-graph\">{\"@context\":\"https:\/\/schema.org\",\"@graph\":[{\"@type\":\"WebPage\",\"@id\":\"https:\/\/bravalubricants.com\/about\/careers\/\",\"url\":\"https:\/\/bravalubricants.com\/about\/careers\/\",\"name\":\"Browse Brava Careers | Brava Lubricants\",\"isPartOf\":{\"@id\":\"https:\/\/bravalubricants.com\/es\/#website\"},\"datePublished\":\"2023-02-03T19:55:21+00:00\",\"dateModified\":\"2023-03-29T13:49:16+00:00\",\"description\":\"All of our Brava careers allow you to make an impact with hands-on experience in a high-energy environment.\",\"breadcrumb\":{\"@id\":\"https:\/\/bravalubricants.com\/about\/careers\/#breadcrumb\"},\"inLanguage\":\"es-PR\",\"potentialAction\":[{\"@type\":\"ReadAction\",\"target\":[\"https:\/\/bravalubricants.com\/about\/careers\/\"]}]},{\"@type\":\"BreadcrumbList\",\"@id\":\"https:\/\/bravalubricants.com\/about\/careers\/#breadcrumb\",\"itemListElement\":[{\"@type\":\"ListItem\",\"position\":1,\"name\":\"Home\",\"item\":\"https:\/\/bravalubricants.com\/es\/\"},{\"@type\":\"ListItem\",\"position\":2,\"name\":\"About\",\"item\":\"https:\/\/mail.bravalubricants.com\/about\/\"},{\"@type\":\"ListItem\",\"position\":3,\"name\":\"Careers\"}]},{\"@type\":\"WebSite\",\"@id\":\"https:\/\/bravalubricants.com\/es\/#website\",\"url\":\"https:\/\/bravalubricants.com\/es\/\",\"name\":\"Brava Lubricants\",\"description\":\"\",\"publisher\":{\"@id\":\"https:\/\/bravalubricants.com\/es\/#organization\"},\"potentialAction\":[{\"@type\":\"SearchAction\",\"target\":{\"@type\":\"EntryPoint\",\"urlTemplate\":\"https:\/\/bravalubricants.com\/es\/?s={search_term_string}\"},\"query-input\":\"required name=search_term_string\"}],\"inLanguage\":\"es-PR\"},{\"@type\":\"Organization\",\"@id\":\"https:\/\/bravalubricants.com\/es\/#organization\",\"name\":\"Brava Lubricants\",\"url\":\"https:\/\/bravalubricants.com\/es\/\",\"logo\":{\"@type\":\"ImageObject\",\"inLanguage\":\"es-PR\",\"@id\":\"https:\/\/bravalubricants.com\/es\/#\/schema\/logo\/image\/\",\"url\":\"https:\/\/bravalubricants.com\/wp-content\/uploads\/2023\/02\/blog-fallback.jpg\",\"contentUrl\":\"https:\/\/bravalubricants.com\/wp-content\/uploads\/2023\/02\/blog-fallback.jpg\",\"width\":304,\"height\":240,\"caption\":\"Brava Lubricants\"},\"image\":{\"@id\":\"https:\/\/bravalubricants.com\/es\/#\/schema\/logo\/image\/\"},\"sameAs\":[\"https:\/\/www.facebook.com\/bravalubricants\/\",\"https:\/\/twitter.com\/BravaOil\",\"https:\/\/www.instagram.com\/bravalubricants\/\",\"https:\/\/www.youtube.com\/channel\/UC5YeZPsKxdugy-3aT1e2zyQ\/\"]}]}<\/script>\n<!-- \/ Yoast SEO plugin. -->","yoast_head_json":{"title":"Browse Brava Careers | Brava Lubricants","description":"All of our Brava careers allow you to make an impact with hands-on experience in a high-energy environment.","robots":{"index":"index","follow":"follow","max-snippet":"max-snippet:-1","max-image-preview":"max-image-preview:large","max-video-preview":"max-video-preview:-1"},"canonical":"https:\/\/bravalubricants.com\/es\/about\/careers\/","og_locale":"es_ES","og_type":"article","og_title":"Browse Brava Careers | Brava Lubricants","og_description":"All of our Brava careers allow you to make an impact with hands-on experience in a high-energy environment.","og_url":"https:\/\/bravalubricants.com\/es\/about\/careers\/","og_site_name":"Brava Lubricants","article_publisher":"https:\/\/www.facebook.com\/bravalubricants\/","article_modified_time":"2023-03-29T13:49:16+00:00","og_image":[{"width":304,"height":240,"url":"https:\/\/bravalubricants.com\/wp-content\/uploads\/2023\/02\/blog-fallback.jpg","type":"image\/jpeg"}],"twitter_card":"summary_large_image","twitter_site":"@BravaOil","schema":{"@context":"https:\/\/schema.org","@graph":[{"@type":"WebPage","@id":"https:\/\/bravalubricants.com\/about\/careers\/","url":"https:\/\/bravalubricants.com\/about\/careers\/","name":"Browse Brava Careers | Brava Lubricants","isPartOf":{"@id":"https:\/\/bravalubricants.com\/es\/#website"},"datePublished":"2023-02-03T19:55:21+00:00","dateModified":"2023-03-29T13:49:16+00:00","description":"All of our Brava careers allow you to make an impact with hands-on experience in a high-energy environment.","breadcrumb":{"@id":"https:\/\/bravalubricants.com\/about\/careers\/#breadcrumb"},"inLanguage":"es-PR","potentialAction":[{"@type":"ReadAction","target":["https:\/\/bravalubricants.com\/about\/careers\/"]}]},{"@type":"BreadcrumbList","@id":"https:\/\/bravalubricants.com\/about\/careers\/#breadcrumb","itemListElement":[{"@type":"ListItem","position":1,"name":"Home","item":"https:\/\/bravalubricants.com\/es\/"},{"@type":"ListItem","position":2,"name":"About","item":"https:\/\/mail.bravalubricants.com\/about\/"},{"@type":"ListItem","position":3,"name":"Careers"}]},{"@type":"WebSite","@id":"https:\/\/bravalubricants.com\/es\/#website","url":"https:\/\/bravalubricants.com\/es\/","name":"Brava Lubricants","description":"","publisher":{"@id":"https:\/\/bravalubricants.com\/es\/#organization"},"potentialAction":[{"@type":"SearchAction","target":{"@type":"EntryPoint","urlTemplate":"https:\/\/bravalubricants.com\/es\/?s={search_term_string}"},"query-input":"required name=search_term_string"}],"inLanguage":"es-PR"},{"@type":"Organization","@id":"https:\/\/bravalubricants.com\/es\/#organization","name":"Brava Lubricants","url":"https:\/\/bravalubricants.com\/es\/","logo":{"@type":"ImageObject","inLanguage":"es-PR","@id":"https:\/\/bravalubricants.com\/es\/#\/schema\/logo\/image\/","url":"https:\/\/bravalubricants.com\/wp-content\/uploads\/2023\/02\/blog-fallback.jpg","contentUrl":"https:\/\/bravalubricants.com\/wp-content\/uploads\/2023\/02\/blog-fallback.jpg","width":304,"height":240,"caption":"Brava Lubricants"},"image":{"@id":"https:\/\/bravalubricants.com\/es\/#\/schema\/logo\/image\/"},"sameAs":["https:\/\/www.facebook.com\/bravalubricants\/","https:\/\/twitter.com\/BravaOil","https:\/\/www.instagram.com\/bravalubricants\/","https:\/\/www.youtube.com\/channel\/UC5YeZPsKxdugy-3aT1e2zyQ\/"]}]}},"_links":{"self":[{"href":"https:\/\/bravalubricants.com\/es\/wp-json\/wp\/v2\/pages\/204"}],"collection":[{"href":"https:\/\/bravalubricants.com\/es\/wp-json\/wp\/v2\/pages"}],"about":[{"href":"https:\/\/bravalubricants.com\/es\/wp-json\/wp\/v2\/types\/page"}],"author":[{"embeddable":true,"href":"https:\/\/bravalubricants.com\/es\/wp-json\/wp\/v2\/users\/4"}],"replies":[{"embeddable":true,"href":"https:\/\/bravalubricants.com\/es\/wp-json\/wp\/v2\/comments?post=204"}],"version-history":[{"count":5,"href":"https:\/\/bravalubricants.com\/es\/wp-json\/wp\/v2\/pages\/204\/revisions"}],"predecessor-version":[{"id":6003,"href":"https:\/\/bravalubricants.com\/es\/wp-json\/wp\/v2\/pages\/204\/revisions\/6003"}],"up":[{"embeddable":true,"href":"https:\/\/bravalubricants.com\/es\/wp-json\/wp\/v2\/pages\/148"}],"wp:attachment":[{"href":"https:\/\/bravalubricants.com\/es\/wp-json\/wp\/v2\/media?parent=204"}],"curies":[{"name":"wp","href":"https:\/\/api.w.org\/{rel}","templated":true}]}}