{"id":3,"date":"2023-01-30T18:26:07","date_gmt":"2023-01-30T22:26:07","guid":{"rendered":"http:\/\/127.0.0.1\/?page_id=3"},"modified":"2023-04-02T14:20:08","modified_gmt":"2023-04-02T18:20:08","slug":"privacy-policy","status":"publish","type":"page","link":"https:\/\/bravalubricants.com\/es\/privacy-policy\/","title":{"rendered":"Pol\u00edtica de privacidad de la p\u00e1gina web de Brava"},"content":{"rendered":"<section class=\"hero hero--fixed\">\n    <div class=\"hero__media\">\n      <img width=\"1600\" height=\"900\" src=\"https:\/\/bravalubricants.com\/wp-content\/uploads\/2023\/02\/TB21_Brava_20-Feb-2019-1_Test_-338.jpg\" class=\"hero__media-item\" alt=\"Los 21 grandes en una pista de carreras\" decoding=\"async\" loading=\"eager\" srcset=\"https:\/\/bravalubricants.com\/wp-content\/uploads\/2023\/02\/TB21_Brava_20-Feb-2019-1_Test_-338.jpg 1600w, https:\/\/bravalubricants.com\/wp-content\/uploads\/2023\/02\/TB21_Brava_20-Feb-2019-1_Test_-338-300x169.jpg 300w, https:\/\/bravalubricants.com\/wp-content\/uploads\/2023\/02\/TB21_Brava_20-Feb-2019-1_Test_-338-1000x563.jpg 1000w, https:\/\/bravalubricants.com\/wp-content\/uploads\/2023\/02\/TB21_Brava_20-Feb-2019-1_Test_-338-800x450.jpg 800w, https:\/\/bravalubricants.com\/wp-content\/uploads\/2023\/02\/TB21_Brava_20-Feb-2019-1_Test_-338-18x10.jpg 18w, https:\/\/bravalubricants.com\/wp-content\/uploads\/2023\/02\/TB21_Brava_20-Feb-2019-1_Test_-338-1400x788.jpg 1400w, https:\/\/bravalubricants.com\/wp-content\/uploads\/2023\/02\/TB21_Brava_20-Feb-2019-1_Test_-338-1200x675.jpg 1200w, https:\/\/bravalubricants.com\/wp-content\/uploads\/2023\/02\/TB21_Brava_20-Feb-2019-1_Test_-338-600x338.jpg 600w, https:\/\/bravalubricants.com\/wp-content\/uploads\/2023\/02\/TB21_Brava_20-Feb-2019-1_Test_-338-400x225.jpg 400w, https:\/\/bravalubricants.com\/wp-content\/uploads\/2023\/02\/TB21_Brava_20-Feb-2019-1_Test_-338-200x113.jpg 200w, https:\/\/bravalubricants.com\/wp-content\/uploads\/2023\/02\/TB21_Brava_20-Feb-2019-1_Test_-338-1280x720.jpg 1280w, https:\/\/bravalubricants.com\/wp-content\/uploads\/2023\/02\/TB21_Brava_20-Feb-2019-1_Test_-338-304x171.jpg 304w, https:\/\/bravalubricants.com\/wp-content\/uploads\/2023\/02\/TB21_Brava_20-Feb-2019-1_Test_-338-468x263.jpg 468w, https:\/\/bravalubricants.com\/wp-content\/uploads\/2023\/02\/TB21_Brava_20-Feb-2019-1_Test_-338-188x106.jpg 188w\" sizes=\"(max-width: 1600px) 100vw, 1600px\" \/>    <\/div>\n  <\/section>\n\n  <section id=\"hero--block_6f76233fa0949e18e2838f110a883482\" class=\"hero\">\n    <div class=\"hero__wrap\">\n      <div class=\"hero__content\">\n                <h1 class=\"hero__headline\">Pol\u00edtica de privacidad de la p\u00e1gina web de Brava<\/h1>\n        <div class=\"hero__copy\">\n          \n                  <\/div>\n      <\/div>\n    <\/div>\n  <\/section>\n\n\n\n\n    <section id=\"copy-basic--block_c6c450a0ec08655011c0fa2d9cff42dc\" class=\"copy-basic\">\n      <div class=\"copy-basic__content\">\n        <p>En Brava Lubricantes, accesible desde https:\/\/bravalubricants.com\/, una de nuestras principales prioridades es la privacidad de nuestros visitantes. Este documento de Pol\u00edtica de Privacidad contiene los tipos de informaci\u00f3n que son recogidos y registrados por Brava Lubricants y c\u00f3mo la utilizamos.<\/p>\n<p>Si tiene preguntas adicionales o necesita m\u00e1s informaci\u00f3n sobre nuestra Pol\u00edtica de Privacidad, no dude en ponerse en contacto con nosotros.<\/p>\n<h2>ARCHIVOS DE REGISTRO<\/h2>\n<p>Brava Lubricants sigue un procedimiento est\u00e1ndar de uso de archivos de registro. Estos archivos registran a los visitantes cuando visitan los sitios web. Todas las empresas de alojamiento hacen esto como parte del an\u00e1lisis de los servicios de alojamiento. La informaci\u00f3n recogida por los archivos de registro incluye direcciones de protocolo de Internet (IP), tipo de navegador, proveedor de servicios de Internet (ISP), fecha y hora, p\u00e1ginas de referencia\/salida y, posiblemente, el n\u00famero de clics. Estos datos no est\u00e1n vinculados a ninguna informaci\u00f3n que permita la identificaci\u00f3n personal. El prop\u00f3sito de la informaci\u00f3n es analizar tendencias, administrar el sitio, rastrear el movimiento de los usuarios en el sitio web y recopilar informaci\u00f3n demogr\u00e1fica.<\/p>\n<h2>COOKIES Y BALIZAS WEB<\/h2>\n<p>Como cualquier otro sitio web, Brava Lubricants utiliza \"cookies\". Estas cookies se utilizan para almacenar informaci\u00f3n, incluidas las preferencias de los visitantes y las p\u00e1ginas del sitio web a las que el visitante accedi\u00f3 o visit\u00f3. La informaci\u00f3n se utiliza para optimizar la experiencia de los usuarios mediante la personalizaci\u00f3n del contenido de nuestra p\u00e1gina web en funci\u00f3n del tipo de navegador de los visitantes y\/u otra informaci\u00f3n.<\/p>\n<p>Para obtener m\u00e1s informaci\u00f3n general sobre las cookies, lea el art\u00edculo \"Cookies\" del Generador de pol\u00edticas de privacidad. <a href=\"https:\/\/www.privacypolicyonline.com\/what-are-cookies\/\">https:\/\/www.privacypolicyonline.com\/what-are-cookies\/<\/a>.<\/p>\n<h2>POL\u00cdTICAS DE PRIVACIDAD<\/h2>\n<p>Puede consultar esta lista para encontrar la Pol\u00edtica de Privacidad de cada uno de los socios publicitarios de Brava Lubricants.<\/p>\n<p>Los servidores o redes publicitarias de terceros utilizan tecnolog\u00edas como cookies, JavaScript o Balizas Web que son utilizadas en sus respectivos anuncios y enlaces que aparecen en Brava Lubricants, los cuales son enviados directamente al navegador del usuario. Ellos reciben autom\u00e1ticamente su direcci\u00f3n IP cuando esto ocurre. Estas tecnolog\u00edas se utilizan para medir la eficacia de sus campa\u00f1as publicitarias y\/o para personalizar el contenido publicitario que usted ve en los sitios web que visita.<\/p>\n<p>Tenga en cuenta que Brava Lubricants no tiene acceso ni control sobre estas cookies que son utilizadas por terceros anunciantes.<\/p>\n<h2>POL\u00cdTICAS DE PRIVACIDAD DE TERCEROS<\/h2>\n<p>La Pol\u00edtica de Privacidad de Brava Lubricantes no se aplica a otros anunciantes o sitios web. Por lo tanto, le aconsejamos que consulte las respectivas Pol\u00edticas de Privacidad de estos servidores de anuncios de terceros para obtener informaci\u00f3n m\u00e1s detallada. Puede incluir sus pr\u00e1cticas e instrucciones sobre c\u00f3mo optar por no participar en ciertas opciones.<\/p>\n<p>Puede optar por desactivar las cookies a trav\u00e9s de las opciones individuales de su navegador. Para conocer informaci\u00f3n m\u00e1s detallada sobre la gesti\u00f3n de cookies con navegadores web espec\u00edficos, puede consultarse las p\u00e1ginas web respectivas de los navegadores. \u00bfQu\u00e9 son las cookies?<\/p>\n<h2>INFORMACI\u00d3N PARA NI\u00d1OS<\/h2>\n<p>Otra parte de nuestra prioridad es a\u00f1adir protecci\u00f3n para los ni\u00f1os mientras utilizan Internet. Animamos a los padres y tutores a que observen, participen y\/o supervisen y gu\u00eden su actividad en l\u00ednea.<\/p>\n<p>Brava Lubricants no recopila a sabiendas ninguna Informaci\u00f3n de Identificaci\u00f3n Personal de ni\u00f1os menores de 13 a\u00f1os. Si usted cree que su hijo proporcion\u00f3 este tipo de informaci\u00f3n en nuestro sitio web, le recomendamos encarecidamente que se ponga en contacto con nosotros de inmediato y haremos todo lo posible para eliminar r\u00e1pidamente dicha informaci\u00f3n de nuestros registros.<\/p>\n<h2>POL\u00cdTICA DE PRIVACIDAD S\u00d3LO EN L\u00cdNEA<\/h2>\n<p>Esta Pol\u00edtica de Privacidad se aplica \u00fanicamente a nuestras actividades en l\u00ednea y es v\u00e1lida para los visitantes de nuestro sitio web con respecto a la informaci\u00f3n que compartieron y\/o recopilaron en Brava Lubricants. Esta pol\u00edtica no es aplicable a ninguna informaci\u00f3n recopilada fuera de l\u00ednea o a trav\u00e9s de canales distintos de este sitio web.<\/p>\n<h2>CONSENTIMIENTO<\/h2>\n<p>Al utilizar nuestro sitio web, usted da su consentimiento a nuestra Pol\u00edtica de Privacidad y acepta sus T\u00e9rminos y Condiciones.<\/p>\n      <\/div>\n    <\/section>","protected":false},"excerpt":{"rendered":"","protected":false},"author":4,"featured_media":0,"parent":0,"menu_order":100,"comment_status":"closed","ping_status":"closed","template":"","meta":[],"acf":[],"yoast_head":"<!-- This site is optimized with the Yoast SEO plugin v20.5 - https:\/\/yoast.com\/wordpress\/plugins\/seo\/ -->\n<title>Privacy Policy | Brava Lubricants<\/title>\n<meta name=\"robots\" content=\"index, follow, max-snippet:-1, max-image-preview:large, max-video-preview:-1\" \/>\n<link rel=\"canonical\" href=\"https:\/\/bravalubricants.com\/es\/privacy-policy\/\" \/>\n<meta property=\"og:locale\" content=\"es_ES\" \/>\n<meta property=\"og:type\" content=\"article\" \/>\n<meta property=\"og:title\" content=\"Privacy Policy | Brava Lubricants\" \/>\n<meta property=\"og:url\" content=\"https:\/\/bravalubricants.com\/es\/privacy-policy\/\" \/>\n<meta property=\"og:site_name\" content=\"Brava Lubricants\" \/>\n<meta property=\"article:publisher\" content=\"https:\/\/www.facebook.com\/bravalubricants\/\" \/>\n<meta property=\"article:modified_time\" content=\"2023-04-02T18:20:08+00:00\" \/>\n<meta property=\"og:image\" content=\"https:\/\/bravalubricants.com\/wp-content\/uploads\/2023\/02\/blog-fallback.jpg\" \/>\n\t<meta property=\"og:image:width\" content=\"304\" \/>\n\t<meta property=\"og:image:height\" content=\"240\" \/>\n\t<meta property=\"og:image:type\" content=\"image\/jpeg\" \/>\n<meta name=\"twitter:card\" content=\"summary_large_image\" \/>\n<meta name=\"twitter:site\" content=\"@BravaOil\" \/>\n<script type=\"application\/ld+json\" class=\"yoast-schema-graph\">{\"@context\":\"https:\/\/schema.org\",\"@graph\":[{\"@type\":\"WebPage\",\"@id\":\"https:\/\/bravalubricants.com\/es\/privacy-policy\/\",\"url\":\"https:\/\/bravalubricants.com\/es\/privacy-policy\/\",\"name\":\"Privacy Policy | Brava Lubricants\",\"isPartOf\":{\"@id\":\"https:\/\/bravalubricants.com\/#website\"},\"datePublished\":\"2023-01-30T22:26:07+00:00\",\"dateModified\":\"2023-04-02T18:20:08+00:00\",\"breadcrumb\":{\"@id\":\"https:\/\/bravalubricants.com\/es\/privacy-policy\/#breadcrumb\"},\"inLanguage\":\"es-PR\",\"potentialAction\":[{\"@type\":\"ReadAction\",\"target\":[\"https:\/\/bravalubricants.com\/es\/privacy-policy\/\"]}]},{\"@type\":\"BreadcrumbList\",\"@id\":\"https:\/\/bravalubricants.com\/es\/privacy-policy\/#breadcrumb\",\"itemListElement\":[{\"@type\":\"ListItem\",\"position\":1,\"name\":\"Home\",\"item\":\"https:\/\/bravalubricants.com\/\"},{\"@type\":\"ListItem\",\"position\":2,\"name\":\"Privacy Policy\"}]},{\"@type\":\"WebSite\",\"@id\":\"https:\/\/bravalubricants.com\/#website\",\"url\":\"https:\/\/bravalubricants.com\/\",\"name\":\"Brava Lubricants\",\"description\":\"\",\"publisher\":{\"@id\":\"https:\/\/bravalubricants.com\/#organization\"},\"potentialAction\":[{\"@type\":\"SearchAction\",\"target\":{\"@type\":\"EntryPoint\",\"urlTemplate\":\"https:\/\/bravalubricants.com\/?s={search_term_string}\"},\"query-input\":\"required name=search_term_string\"}],\"inLanguage\":\"es-PR\"},{\"@type\":\"Organization\",\"@id\":\"https:\/\/bravalubricants.com\/#organization\",\"name\":\"Brava Lubricants\",\"url\":\"https:\/\/bravalubricants.com\/\",\"logo\":{\"@type\":\"ImageObject\",\"inLanguage\":\"es-PR\",\"@id\":\"https:\/\/bravalubricants.com\/#\/schema\/logo\/image\/\",\"url\":\"https:\/\/bravalubricants.com\/wp-content\/uploads\/2023\/02\/blog-fallback.jpg\",\"contentUrl\":\"https:\/\/bravalubricants.com\/wp-content\/uploads\/2023\/02\/blog-fallback.jpg\",\"width\":304,\"height\":240,\"caption\":\"Brava Lubricants\"},\"image\":{\"@id\":\"https:\/\/bravalubricants.com\/#\/schema\/logo\/image\/\"},\"sameAs\":[\"https:\/\/www.facebook.com\/bravalubricants\/\",\"https:\/\/twitter.com\/BravaOil\",\"https:\/\/www.instagram.com\/bravalubricants\/\",\"https:\/\/www.youtube.com\/channel\/UC5YeZPsKxdugy-3aT1e2zyQ\/\"]}]}<\/script>\n<!-- \/ Yoast SEO plugin. -->","yoast_head_json":{"title":"Privacy Policy | Brava Lubricants","robots":{"index":"index","follow":"follow","max-snippet":"max-snippet:-1","max-image-preview":"max-image-preview:large","max-video-preview":"max-video-preview:-1"},"canonical":"https:\/\/bravalubricants.com\/es\/privacy-policy\/","og_locale":"es_ES","og_type":"article","og_title":"Privacy Policy | Brava Lubricants","og_url":"https:\/\/bravalubricants.com\/es\/privacy-policy\/","og_site_name":"Brava Lubricants","article_publisher":"https:\/\/www.facebook.com\/bravalubricants\/","article_modified_time":"2023-04-02T18:20:08+00:00","og_image":[{"width":304,"height":240,"url":"https:\/\/bravalubricants.com\/wp-content\/uploads\/2023\/02\/blog-fallback.jpg","type":"image\/jpeg"}],"twitter_card":"summary_large_image","twitter_site":"@BravaOil","schema":{"@context":"https:\/\/schema.org","@graph":[{"@type":"WebPage","@id":"https:\/\/bravalubricants.com\/es\/privacy-policy\/","url":"https:\/\/bravalubricants.com\/es\/privacy-policy\/","name":"Privacy Policy | Brava Lubricants","isPartOf":{"@id":"https:\/\/bravalubricants.com\/#website"},"datePublished":"2023-01-30T22:26:07+00:00","dateModified":"2023-04-02T18:20:08+00:00","breadcrumb":{"@id":"https:\/\/bravalubricants.com\/es\/privacy-policy\/#breadcrumb"},"inLanguage":"es-PR","potentialAction":[{"@type":"ReadAction","target":["https:\/\/bravalubricants.com\/es\/privacy-policy\/"]}]},{"@type":"BreadcrumbList","@id":"https:\/\/bravalubricants.com\/es\/privacy-policy\/#breadcrumb","itemListElement":[{"@type":"ListItem","position":1,"name":"Home","item":"https:\/\/bravalubricants.com\/"},{"@type":"ListItem","position":2,"name":"Privacy Policy"}]},{"@type":"WebSite","@id":"https:\/\/bravalubricants.com\/#website","url":"https:\/\/bravalubricants.com\/","name":"Brava Lubricants","description":"","publisher":{"@id":"https:\/\/bravalubricants.com\/#organization"},"potentialAction":[{"@type":"SearchAction","target":{"@type":"EntryPoint","urlTemplate":"https:\/\/bravalubricants.com\/?s={search_term_string}"},"query-input":"required name=search_term_string"}],"inLanguage":"es-PR"},{"@type":"Organization","@id":"https:\/\/bravalubricants.com\/#organization","name":"Brava Lubricants","url":"https:\/\/bravalubricants.com\/","logo":{"@type":"ImageObject","inLanguage":"es-PR","@id":"https:\/\/bravalubricants.com\/#\/schema\/logo\/image\/","url":"https:\/\/bravalubricants.com\/wp-content\/uploads\/2023\/02\/blog-fallback.jpg","contentUrl":"https:\/\/bravalubricants.com\/wp-content\/uploads\/2023\/02\/blog-fallback.jpg","width":304,"height":240,"caption":"Brava Lubricants"},"image":{"@id":"https:\/\/bravalubricants.com\/#\/schema\/logo\/image\/"},"sameAs":["https:\/\/www.facebook.com\/bravalubricants\/","https:\/\/twitter.com\/BravaOil","https:\/\/www.instagram.com\/bravalubricants\/","https:\/\/www.youtube.com\/channel\/UC5YeZPsKxdugy-3aT1e2zyQ\/"]}]}},"_links":{"self":[{"href":"https:\/\/bravalubricants.com\/es\/wp-json\/wp\/v2\/pages\/3"}],"collection":[{"href":"https:\/\/bravalubricants.com\/es\/wp-json\/wp\/v2\/pages"}],"about":[{"href":"https:\/\/bravalubricants.com\/es\/wp-json\/wp\/v2\/types\/page"}],"author":[{"embeddable":true,"href":"https:\/\/bravalubricants.com\/es\/wp-json\/wp\/v2\/users\/4"}],"replies":[{"embeddable":true,"href":"https:\/\/bravalubricants.com\/es\/wp-json\/wp\/v2\/comments?post=3"}],"version-history":[{"count":6,"href":"https:\/\/bravalubricants.com\/es\/wp-json\/wp\/v2\/pages\/3\/revisions"}],"predecessor-version":[{"id":6119,"href":"https:\/\/bravalubricants.com\/es\/wp-json\/wp\/v2\/pages\/3\/revisions\/6119"}],"wp:attachment":[{"href":"https:\/\/bravalubricants.com\/es\/wp-json\/wp\/v2\/media?parent=3"}],"curies":[{"name":"wp","href":"https:\/\/api.w.org\/{rel}","templated":true}]}}